{"id":1777,"date":"2017-02-22T17:25:04","date_gmt":"2017-02-22T20:25:04","guid":{"rendered":"https:\/\/adepepe.org\/site\/?page_id=1777"},"modified":"2017-02-22T21:43:59","modified_gmt":"2017-02-23T00:43:59","slug":"defensores-publicos-unidos-contra-reforma-da-previdencia","status":"publish","type":"page","link":"https:\/\/adepepe.org\/site\/defensores-publicos-unidos-contra-reforma-da-previdencia\/","title":{"rendered":"Defensores p\u00fablicos unidos contra Reforma da Previd\u00eancia"},"content":{"rendered":"<p><img loading=\"lazy\" decoding=\"async\" class=\"alignleft size-thumbnail wp-image-1779\" src=\"https:\/\/adepepe.org\/site\/wp-content\/uploads\/2017\/02\/foto_texto-e1487810204328-320x320.jpg\" alt=\"\" width=\"320\" height=\"320\" srcset=\"https:\/\/adepepe.org\/site\/wp-content\/uploads\/2017\/02\/foto_texto-e1487810204328-320x320.jpg 320w, https:\/\/adepepe.org\/site\/wp-content\/uploads\/2017\/02\/foto_texto-e1487810204328.jpg 436w\" sizes=\"auto, (max-width: 320px) 100vw, 320px\" \/>A partir desta semana, a ANADEP vai intensificar o acompanhamento da PEC 287\/2016, que trata da Reforma da Previd\u00eancia. A ANADEP emitiu nota t\u00e9cnica criticando a proposta e est\u00e1 dialogando com as demais carreiras do sistema de Justi\u00e7a sobre o tema. J\u00e1 a Comiss\u00e3o Especial Previdenci\u00e1ria da ANADEP j\u00e1 fez um estudo sobre o texto original da PEC e construiu emendas que ser\u00e3o apresentadas aos deputados durante as atividades legislativas.<\/p>\n<p>A ANADEP pretende tamb\u00e9m iniciar um movimento nas redes sociais para levar \u00e0 categoria e \u00e0 sociedade informa\u00e7\u00f5es relacionadas \u00e0 PEC.<\/p>\n<p>O mote ser\u00e1: #N\u00e3o\u00e0ReformadaPrevid\u00eancia (#Hashtag oficial).<\/p>\n<p>No caso das Associa\u00e7\u00f5es Estaduais, \u00e9 importante que o trabalho de marca\u00e7\u00e3o no twitter seja feito com os deputados do estado.<\/p>\n<p>Comiss\u00e3o Especial e tramita\u00e7\u00e3o: Na \u00faltima semana foram iniciados os trabalhos da comiss\u00e3o especial da reforma da Previd\u00eancia na C\u00e2mara dos Deputados, que vai aprovar o plano de trabalho do colegiado. A previs\u00e3o do relator, deputado Arthur Maia (PPS-BA), \u00e9 entregar o relat\u00f3rio no dia 16 de mar\u00e7o. Conforme o cronograma, ser\u00e3o realizadas oito audi\u00eancias p\u00fablicas e um semin\u00e1rio internacional.<\/p>\n<p>A Comiss\u00e3o ter\u00e1 at\u00e9 40 sess\u00f5es, prorrog\u00e1vel por igual per\u00edodo, para deliberar sobre a mat\u00e9ria. O prazo para apresenta\u00e7\u00e3o de emendas ser\u00e1 de 10 sess\u00f5es de Plen\u00e1rio. Para as emendas serem acatadas s\u00e3o necess\u00e1rias, pelo menos, 171 assinaturas para terem validade. Ap\u00f3s a delibera\u00e7\u00e3o na Comiss\u00e3o Especial, a proposta seguir\u00e1 para vota\u00e7\u00e3o em dois turnos no Plen\u00e1rio da Casa. O qu\u00f3rum de aprova\u00e7\u00e3o da mat\u00e9ria em Plen\u00e1rio \u00e9 de ao menos 308 votos favor\u00e1veis.<\/p>\n<p><a href=\"http:\/\/www.anadep.org.br\/wtksite\/grm\/envio\/2213\/Nota_ANADEP_REFORMA_DA_PREVID_NCIA.pdf\" target=\"_blank\">Clique aqui<\/a> e confira a nota da ANADEP.<\/p>\n<p><a href=\"http:\/\/www.anadep.org.br\/wtksite\/grm\/envio\/2213\/Comissao_Especial_-_Reforma_da_Previdencia.pdf\" target=\"_blank\">Clique aqui<\/a> e confira a composi\u00e7\u00e3o da Comiss\u00e3o Especial.<\/p>\n<p>Confira abaixo o twitter dos deputados que comp\u00f5e a Comiss\u00e3o Especia:<\/p>\n<p>Adail Carneiro (PP\/CE) &#8211; @adail12321<br \/>\nAlessandro Molon (REDE\/RJ) &#8211; @alessandromolon<br \/>\nAlexandre Baldy (PTN\/GO) &#8211; @alexandrebaldy<br \/>\nArlindo Chinaglia (PT\/SP) &#8211; @depchinaglia<br \/>\nArnaldo Faria de S\u00e1 (PTB\/SP) &#8211; @Dep_Arnaldo1452<br \/>\nArthur Oliveira Maia (PPS\/BA) &#8211; @DepArthurMaia<br \/>\nAssis Carvalho (PT\/PI) &#8211; @assis_carvalho<br \/>\nBebeto (PSB\/BA) &#8211; @deputadobebeto<br \/>\nCapit\u00e3o Augusto (PR\/SP) &#8211; @deputadocapitao<br \/>\nCarlos Marun (PMDB\/MS) &#8211; @deputadomarun<br \/>\nDarc\u00edsio Perondi (PMDB\/RS) &#8211; @darcisioperondi<br \/>\nDiego Garcia (PHS\/PR) &#8211; @diegogarciapr<br \/>\nEduardo Barbosa (PSDB\/MG) &#8211; @eduardobarbosa_<br \/>\nErivelton Santana (PEN\/BA) \u2013 N\u00e3o possui<br \/>\nEros Biondini (PROS\/MG) &#8211; @erosbiondini<br \/>\nEvandro Gussi (PV\/SP) &#8211; @evandrogussi<br \/>\nGiuseppe Vecci (PSDB\/GO) &#8211; @DepVecci45<br \/>\nHeitor Schuch (PSB\/RS) &#8211; @HeitorSchuch<br \/>\nIvan Valente (PSOL\/SP) &#8211; @IvanValente<br \/>\nJandira Feghali (PCdoB\/RJ) &#8211; @jandira_feghali<br \/>\nJos\u00e9 Carlos Aleluia (DEM\/BA) &#8211; @aleluiacosta<br \/>\nJos\u00e9 Mentor (PT\/SP) &#8211; @jose_mentor<br \/>\nJulio Lopes (PP\/RJ) \u2013 @JulioLopes_RJ<br \/>\nLaerte Bessa (PR\/DF) &#8211; @laerte_bessa<br \/>\nLelo Coimbra (PMDB\/ES) &#8211; @lelocoimbra_<br \/>\nMaia Filho (PP\/PI) &#8211; @maiafilho11<br \/>\nMajor Ol\u00edmpio (SD\/SP) &#8211; @majorolimpio<br \/>\nMarcelo \u00c1lvaro Ant\u00f4nio (PR\/MG) &#8211; @Marceloalvaroan<br \/>\nMarcus Pestana (PSDB\/MG) &#8211; @marcus_pestana<br \/>\nMauro Pereira (PMDB\/RS) \u2013 N\u00e3o tem<br \/>\nPauderney Avelino (DEM\/AM) &#8211; @pauderney<br \/>\nPepe Vargas (PT\/RS) &#8211; @SigaPepeVargas<br \/>\nProfessor Vict\u00f3rio Galli (PSC\/MT) \u2013 N\u00e3o tem<br \/>\nReinhold Stephanes (PSD\/PR) \u2013 N\u00e3o tem<br \/>\nThiago Peixoto (PSD\/GO) &#8211; @ThiagoPeixoto<br \/>\nVin\u00edcius Carvalho (PRB\/SP) &#8211; @viniciusfederal<br \/>\nAdilton Sachetti (PSB\/MT) &#8211; @adiltonsachetti<br \/>\nAlceu Moreira (PMDB\/RS) &#8211; @Alceu_Moreira<br \/>\nBeto Salame (PP\/PA) &#8211; @SalameFilho<br \/>\nCabo Sabino (PR\/CE) &#8211; @cabo_sabino<br \/>\nCristiane Brasil (PTB\/RJ) \u2013 @Dep_CrisBrasil<br \/>\nDavidson Magalh\u00e3es (PCdoB\/BA) &#8211; @Davidson65<br \/>\nDelegado Waldir (PR\/GO) &#8211; @delegado_waldir<br \/>\nEdmilson Rodrigues (PSOL\/PA) &#8211; @EdmilsonPSOL<br \/>\nJo\u00e3o Campos (PRB\/GO) &#8211; @depjoaocampos<br \/>\nJunior Marreca (PEN\/MA) \u2013 @juniormarreca<br \/>\nLuiz S\u00e9rgio (PT\/TJ) &#8211; @depluizsergio<br \/>\nLuizianne Lins (PT\/CE) &#8211; @Luizianne13PT<br \/>\nMandetta (DEM\/MS) &#8211; @depmandetta<br \/>\nMarcelo Castro (PMDB\/PI) &#8211; @MarceloCastroPI<br \/>\nMarcelo Matos (PHS\/RJ) \u2013 N\u00e3o tem<br \/>\nMarcos Abr\u00e3o (PPS\/GO) &#8211; @marcosabraor<br \/>\nMarcus Vicente (PP\/ES) &#8211; @MarcusVicentES<br \/>\nMaria Helena (PSB\/BR) \u2013 N\u00e3o tem<br \/>\nMiro Teixeira (REDE\/RJ) &#8211; @miroteixeira<br \/>\nNelson Meurer (PP\/PR) \u2013 N\u00e3o tem<br \/>\nOnyx Lorenzoni (DEM\/RS) &#8211; @onyxlorenzoni<br \/>\nPaulo Pereira da Silva (SD\/SP) &#8211; @dep_paulinho<br \/>\nPedro Chaves (PMDB\/GO) &#8211; @PedroChavesPMDB<br \/>\nPedro Vilela (PSDB\/AL) &#8211; @vilelapedro<br \/>\nPr. Marco Feliciano (PSC\/SP) &#8211; @marcofeliciano<br \/>\nReginaldo Lopes (PT\/MG) &#8211; @ReginaldoLopes<br \/>\nRoberto de Lucena (PV\/SP) &#8211; @Dep_Lucena<br \/>\nRonaldo Benedet (PMDF\/SC) &#8211; @DepRonaldo<br \/>\nRubens Otoni (PT\/GO) &#8211; @RubensOtoni<br \/>\nVictor Mendes (PSD\/MA) &#8211; @victormendesma<\/p>\n<p><strong>*\u00a0<em>Da Ascom da Anadep<\/em><\/strong><\/p>\n","protected":false},"excerpt":{"rendered":"<p>A partir desta semana, a ANADEP vai intensificar o acompanhamento da PEC 287\/2016, que trata da Reforma da Previd\u00eancia. A ANADEP emitiu nota t\u00e9cnica criticando a proposta e est\u00e1 dialogando com as demais carreiras do sistema de Justi\u00e7a sobre o tema. J\u00e1 a Comiss\u00e3o Especial Previdenci\u00e1ria da ANADEP j\u00e1 fez um estudo sobre o texto [&hellip;]<\/p>\n","protected":false},"author":8,"featured_media":1778,"parent":0,"menu_order":0,"comment_status":"closed","ping_status":"closed","template":"","meta":{"footnotes":""},"class_list":["post-1777","page","type-page","status-publish","has-post-thumbnail","hentry"],"_links":{"self":[{"href":"https:\/\/adepepe.org\/site\/wp-json\/wp\/v2\/pages\/1777","targetHints":{"allow":["GET"]}}],"collection":[{"href":"https:\/\/adepepe.org\/site\/wp-json\/wp\/v2\/pages"}],"about":[{"href":"https:\/\/adepepe.org\/site\/wp-json\/wp\/v2\/types\/page"}],"author":[{"embeddable":true,"href":"https:\/\/adepepe.org\/site\/wp-json\/wp\/v2\/users\/8"}],"replies":[{"embeddable":true,"href":"https:\/\/adepepe.org\/site\/wp-json\/wp\/v2\/comments?post=1777"}],"version-history":[{"count":1,"href":"https:\/\/adepepe.org\/site\/wp-json\/wp\/v2\/pages\/1777\/revisions"}],"predecessor-version":[{"id":1780,"href":"https:\/\/adepepe.org\/site\/wp-json\/wp\/v2\/pages\/1777\/revisions\/1780"}],"wp:featuredmedia":[{"embeddable":true,"href":"https:\/\/adepepe.org\/site\/wp-json\/wp\/v2\/media\/1778"}],"wp:attachment":[{"href":"https:\/\/adepepe.org\/site\/wp-json\/wp\/v2\/media?parent=1777"}],"curies":[{"name":"wp","href":"https:\/\/api.w.org\/{rel}","templated":true}]}}