{"id":30,"date":"2015-04-01T18:45:33","date_gmt":"2015-04-01T18:45:33","guid":{"rendered":"http:\/\/adepepe.com.br\/site\/?page_id=30"},"modified":"2021-09-02T15:27:17","modified_gmt":"2021-09-02T18:27:17","slug":"sobre-a-adepepe","status":"publish","type":"page","link":"https:\/\/adepepe.org\/site\/institucional\/sobre-a-adepepe\/","title":{"rendered":"Sobre a ADEPEPE"},"content":{"rendered":"<p>A ADEPEPE, Associa\u00e7\u00e3o dos Defensores P\u00fablicos do Estado e Pernambuco, sucessora da Associa\u00e7\u00e3o dos Assessores da Assist\u00eancia Judici\u00e1ria do Estado de Pernambuco, AJE, com Estatuto registrado no 2\u00ba Oficio de Registro de T\u00edtulos e Documentos em data de 28 de dezembro de 1983, com endere\u00e7o \u00e0 rua Rua Dom Manoel Pereira, 120, Santo Amaro, Recife-PE, nesta cidade, sem fins lucrativos, constitu\u00eddo por tempo indeterminado. Tem por finalidade, representar e promover por todos os meios, no \u00e2mbito nacional, a defesa das prerrogativas, dos direitos e interesses individuais e coletivos dos seus associados, bem como colaborar com os Poderes Constitu\u00eddos ao aperfei\u00e7oamento da ordem jur\u00eddica.<\/p>\n<p><a href=\"https:\/\/adepepe.org\/site\/wp-content\/uploads\/2021\/09\/WhatsApp-Image-2020-12-21-at-11.27.04.jpeg\"><img loading=\"lazy\" decoding=\"async\" class=\"alignleft size-medium wp-image-4590\" src=\"https:\/\/adepepe.org\/site\/wp-content\/uploads\/2021\/09\/WhatsApp-Image-2020-12-21-at-11.27.04-770x578.jpeg\" alt=\"\" width=\"770\" height=\"578\" srcset=\"https:\/\/adepepe.org\/site\/wp-content\/uploads\/2021\/09\/WhatsApp-Image-2020-12-21-at-11.27.04-770x578.jpeg 770w, https:\/\/adepepe.org\/site\/wp-content\/uploads\/2021\/09\/WhatsApp-Image-2020-12-21-at-11.27.04-1024x768.jpeg 1024w, https:\/\/adepepe.org\/site\/wp-content\/uploads\/2021\/09\/WhatsApp-Image-2020-12-21-at-11.27.04-768x576.jpeg 768w, https:\/\/adepepe.org\/site\/wp-content\/uploads\/2021\/09\/WhatsApp-Image-2020-12-21-at-11.27.04.jpeg 1280w\" sizes=\"auto, (max-width: 770px) 100vw, 770px\" \/><\/a><\/p>\n","protected":false},"excerpt":{"rendered":"<p>A ADEPEPE, Associa\u00e7\u00e3o dos Defensores P\u00fablicos do Estado e Pernambuco, sucessora da Associa\u00e7\u00e3o dos Assessores da Assist\u00eancia Judici\u00e1ria do Estado de Pernambuco, AJE, com Estatuto registrado no 2\u00ba Oficio de Registro de T\u00edtulos e Documentos em data de 28 de dezembro de 1983, com endere\u00e7o \u00e0 rua Rua Dom Manoel Pereira, 120, Santo Amaro, Recife-PE, [&hellip;]<\/p>\n","protected":false},"author":1,"featured_media":0,"parent":28,"menu_order":0,"comment_status":"open","ping_status":"closed","template":"","meta":{"footnotes":""},"class_list":["post-30","page","type-page","status-publish","hentry"],"_links":{"self":[{"href":"https:\/\/adepepe.org\/site\/wp-json\/wp\/v2\/pages\/30","targetHints":{"allow":["GET"]}}],"collection":[{"href":"https:\/\/adepepe.org\/site\/wp-json\/wp\/v2\/pages"}],"about":[{"href":"https:\/\/adepepe.org\/site\/wp-json\/wp\/v2\/types\/page"}],"author":[{"embeddable":true,"href":"https:\/\/adepepe.org\/site\/wp-json\/wp\/v2\/users\/1"}],"replies":[{"embeddable":true,"href":"https:\/\/adepepe.org\/site\/wp-json\/wp\/v2\/comments?post=30"}],"version-history":[{"count":7,"href":"https:\/\/adepepe.org\/site\/wp-json\/wp\/v2\/pages\/30\/revisions"}],"predecessor-version":[{"id":4592,"href":"https:\/\/adepepe.org\/site\/wp-json\/wp\/v2\/pages\/30\/revisions\/4592"}],"up":[{"embeddable":true,"href":"https:\/\/adepepe.org\/site\/wp-json\/wp\/v2\/pages\/28"}],"wp:attachment":[{"href":"https:\/\/adepepe.org\/site\/wp-json\/wp\/v2\/media?parent=30"}],"curies":[{"name":"wp","href":"https:\/\/api.w.org\/{rel}","templated":true}]}}