{"id":37,"date":"2015-04-01T18:55:08","date_gmt":"2015-04-01T18:55:08","guid":{"rendered":"http:\/\/adepepe.com.br\/site\/?page_id=37"},"modified":"2019-01-29T17:50:34","modified_gmt":"2019-01-29T20:50:34","slug":"estatuto","status":"publish","type":"page","link":"https:\/\/adepepe.org\/site\/servicos-e-informacoes\/estatuto\/","title":{"rendered":"Estatuto (em altera\u00e7\u00f5es j\u00e1 aprovadas)"},"content":{"rendered":"","protected":false},"excerpt":{"rendered":"","protected":false},"author":1,"featured_media":0,"parent":35,"menu_order":0,"comment_status":"open","ping_status":"open","template":"page-estatuto.php","meta":{"footnotes":""},"class_list":["post-37","page","type-page","status-publish","hentry"],"_links":{"self":[{"href":"https:\/\/adepepe.org\/site\/wp-json\/wp\/v2\/pages\/37","targetHints":{"allow":["GET"]}}],"collection":[{"href":"https:\/\/adepepe.org\/site\/wp-json\/wp\/v2\/pages"}],"about":[{"href":"https:\/\/adepepe.org\/site\/wp-json\/wp\/v2\/types\/page"}],"author":[{"embeddable":true,"href":"https:\/\/adepepe.org\/site\/wp-json\/wp\/v2\/users\/1"}],"replies":[{"embeddable":true,"href":"https:\/\/adepepe.org\/site\/wp-json\/wp\/v2\/comments?post=37"}],"version-history":[{"count":5,"href":"https:\/\/adepepe.org\/site\/wp-json\/wp\/v2\/pages\/37\/revisions"}],"predecessor-version":[{"id":3446,"href":"https:\/\/adepepe.org\/site\/wp-json\/wp\/v2\/pages\/37\/revisions\/3446"}],"up":[{"embeddable":true,"href":"https:\/\/adepepe.org\/site\/wp-json\/wp\/v2\/pages\/35"}],"wp:attachment":[{"href":"https:\/\/adepepe.org\/site\/wp-json\/wp\/v2\/media?parent=37"}],"curies":[{"name":"wp","href":"https:\/\/api.w.org\/{rel}","templated":true}]}}