{"id":39,"date":"2015-04-01T18:55:25","date_gmt":"2015-04-01T18:55:25","guid":{"rendered":"http:\/\/adepepe.com.br\/site\/?page_id=39"},"modified":"2015-05-09T23:33:20","modified_gmt":"2015-05-10T02:33:20","slug":"legislacao","status":"publish","type":"page","link":"https:\/\/adepepe.org\/site\/servicos-e-informacoes\/legislacao\/","title":{"rendered":"Legisla\u00e7\u00e3o"},"content":{"rendered":"<p>Rela\u00e7\u00e3o de Leis que regem a Defensoria P\u00fablica de Pernambuco<\/p>\n","protected":false},"excerpt":{"rendered":"<p>Rela\u00e7\u00e3o de Leis que regem a Defensoria P\u00fablica de Pernambuco<\/p>\n","protected":false},"author":1,"featured_media":0,"parent":35,"menu_order":0,"comment_status":"open","ping_status":"open","template":"page-legislacao.php","meta":{"footnotes":""},"class_list":["post-39","page","type-page","status-publish","hentry"],"_links":{"self":[{"href":"https:\/\/adepepe.org\/site\/wp-json\/wp\/v2\/pages\/39","targetHints":{"allow":["GET"]}}],"collection":[{"href":"https:\/\/adepepe.org\/site\/wp-json\/wp\/v2\/pages"}],"about":[{"href":"https:\/\/adepepe.org\/site\/wp-json\/wp\/v2\/types\/page"}],"author":[{"embeddable":true,"href":"https:\/\/adepepe.org\/site\/wp-json\/wp\/v2\/users\/1"}],"replies":[{"embeddable":true,"href":"https:\/\/adepepe.org\/site\/wp-json\/wp\/v2\/comments?post=39"}],"version-history":[{"count":4,"href":"https:\/\/adepepe.org\/site\/wp-json\/wp\/v2\/pages\/39\/revisions"}],"predecessor-version":[{"id":415,"href":"https:\/\/adepepe.org\/site\/wp-json\/wp\/v2\/pages\/39\/revisions\/415"}],"up":[{"embeddable":true,"href":"https:\/\/adepepe.org\/site\/wp-json\/wp\/v2\/pages\/35"}],"wp:attachment":[{"href":"https:\/\/adepepe.org\/site\/wp-json\/wp\/v2\/media?parent=39"}],"curies":[{"name":"wp","href":"https:\/\/api.w.org\/{rel}","templated":true}]}}