{"id":47,"date":"2015-04-01T18:56:55","date_gmt":"2015-04-01T18:56:55","guid":{"rendered":"http:\/\/adepepe.com.br\/site\/?page_id=47"},"modified":"2020-07-23T13:37:06","modified_gmt":"2020-07-23T16:37:06","slug":"convenios","status":"publish","type":"page","link":"https:\/\/adepepe.org\/site\/convenios\/","title":{"rendered":"Conv\u00eanios"},"content":{"rendered":"<p style=\"text-align: center;\"><strong>ATEN\u00c7\u00c3O ASSOCIADOS!!!!!<\/strong><\/p>\n<p><strong>Voc\u00ea que \u00e9 associado \u00e0 ADEPEPE<\/strong>, tem o direito de participar integralmente de todos os benef\u00edcios e Conv\u00eanios que s\u00e3o disponibilizados pela ANADEP &#8211; Associa\u00e7\u00e3o Nacional dos Defensores P\u00fablicos.<\/p>\n<p>Para ter acesso aos in\u00fameros conv\u00eanios que s\u00e3o disponibilizados pela ANADEP aos associados da ADEPEPE, voc\u00ea <strong>ter\u00e1 que efetuar o seu CADASTRAMENTO<\/strong> na home-page da ANADEP, informando todos os seus dados e n\u00fameros de matr\u00edcula e de seus documentos. \u00a0(clique aqui <a href=\"http:\/\/anadep.org.br\/wtk\/anadep\/site\/AreaRestrita.do?action=pagina\">http:\/\/anadep.org.br\/wtk\/anadep\/site<\/a>)<\/p>\n<p>Ao fazer o seu<strong> CADASTRAMENTO<\/strong>, automaticamente o nosso associado ter\u00e1 direito a usufruir dos in\u00fameros Conv\u00eanios que est\u00e1 na p\u00e1gina da ANADEP. \u00a0Esses Conv\u00eanios s\u00e3o disponibilizados a pre\u00e7os muito inferiores aos praticados pelo mercado. Veja alguns deles: Ve\u00edculos da <strong>Honda, Chevrolet, Mitsubishi, Jeep e Renault<\/strong>; v\u00e1rios <strong>Hot\u00e9is, Clube Bancorbr\u00e1s, Walmart, Lojas Americanas, Netshoes, Pneuline, Casas Bahia, Rede Hotel Nacional, TAM Passagens A\u00e9reas, Natura, Compra Certa, Armor Blindados, Livraria SARAIVA, Panasonic, Continental Fog\u00f5es, PHILCO, Eletrolux do Brasil, Autom\u00f3veis e Utilit\u00e1rios TOYOTA TSUSHO<\/strong>, e muitos outros Conv\u00eanios mais variados poss\u00edveis.<\/p>\n<p>Para ter acesso \u00e0 compra de autom\u00f3veis \u00e9 necess\u00e1rio entrar <a href=\"https:\/\/anadep.temvantagens.com.br\/login\">na p\u00e1gina do Clube de Vantagens<\/a> e <strong>IMPRIMIR A SUA DECLARA\u00c7\u00c3O DE ASSOCIADO<\/strong>, documento este que \u00e9 necess\u00e1rio para ter direito a esse benef\u00edcio. A Declara\u00e7\u00e3o j\u00e1 ser\u00e1 emitida com o seu nome e o n\u00famero do seu CPF, com a informa\u00e7\u00e3o de que \u00e9 Associado da ADEPEPE.<\/p>\n<p>&nbsp;<\/p>\n","protected":false},"excerpt":{"rendered":"<p>ATEN\u00c7\u00c3O ASSOCIADOS!!!!! Voc\u00ea que \u00e9 associado \u00e0 ADEPEPE, tem o direito de participar integralmente de todos os benef\u00edcios e Conv\u00eanios que s\u00e3o disponibilizados pela ANADEP &#8211; Associa\u00e7\u00e3o Nacional dos Defensores P\u00fablicos. Para ter acesso aos in\u00fameros conv\u00eanios que s\u00e3o disponibilizados pela ANADEP aos associados da ADEPEPE, voc\u00ea ter\u00e1 que efetuar o seu CADASTRAMENTO na home-page [&hellip;]<\/p>\n","protected":false},"author":1,"featured_media":0,"parent":0,"menu_order":0,"comment_status":"open","ping_status":"open","template":"","meta":{"footnotes":""},"class_list":["post-47","page","type-page","status-publish","hentry"],"_links":{"self":[{"href":"https:\/\/adepepe.org\/site\/wp-json\/wp\/v2\/pages\/47","targetHints":{"allow":["GET"]}}],"collection":[{"href":"https:\/\/adepepe.org\/site\/wp-json\/wp\/v2\/pages"}],"about":[{"href":"https:\/\/adepepe.org\/site\/wp-json\/wp\/v2\/types\/page"}],"author":[{"embeddable":true,"href":"https:\/\/adepepe.org\/site\/wp-json\/wp\/v2\/users\/1"}],"replies":[{"embeddable":true,"href":"https:\/\/adepepe.org\/site\/wp-json\/wp\/v2\/comments?post=47"}],"version-history":[{"count":9,"href":"https:\/\/adepepe.org\/site\/wp-json\/wp\/v2\/pages\/47\/revisions"}],"predecessor-version":[{"id":4337,"href":"https:\/\/adepepe.org\/site\/wp-json\/wp\/v2\/pages\/47\/revisions\/4337"}],"wp:attachment":[{"href":"https:\/\/adepepe.org\/site\/wp-json\/wp\/v2\/media?parent=47"}],"curies":[{"name":"wp","href":"https:\/\/api.w.org\/{rel}","templated":true}]}}