{"id":5,"date":"2015-03-30T23:59:30","date_gmt":"2015-03-30T23:59:30","guid":{"rendered":"http:\/\/adepepe.com.br\/site\/?page_id=5"},"modified":"2017-01-31T15:36:43","modified_gmt":"2017-01-31T18:36:43","slug":"home","status":"publish","type":"page","link":"https:\/\/adepepe.org\/site\/","title":{"rendered":"Home"},"content":{"rendered":"<p>ESPA\u00c7O DESTINADO PARA A PUBLICA\u00c7\u00c3O DE ARTIGOS DA LAVRA DOS NOSSOS ASSOCIADOS,<\/p>\n<p>Caro colega Defensor P\u00fablico associado.<\/p>\n<p>Mostre a sua capacidade acad\u00eamica e venha utilizar este espa\u00e7o que lhe \u00e9 dedicado para os seus artigos, pareceres e outras mat\u00e9rias jur\u00eddicas de sua lavra. Torne-se vis\u00edvel mostrando a sua opini\u00e3o, o seu entendimento jur\u00eddico doutrin\u00e1rio sobre assuntos de seu interesse.<\/p>\n<p>N\u00f3s, da sua Associa\u00e7\u00e3o, damos esta oportunidade de mostrar para o mundo jur\u00eddico os seus trabalhos,<\/p>\n","protected":false},"excerpt":{"rendered":"<p>ESPA\u00c7O DESTINADO PARA A PUBLICA\u00c7\u00c3O DE ARTIGOS DA LAVRA DOS NOSSOS ASSOCIADOS, Caro colega Defensor P\u00fablico associado. Mostre a sua capacidade acad\u00eamica e venha utilizar este espa\u00e7o que lhe \u00e9 dedicado para os seus artigos, pareceres e outras mat\u00e9rias jur\u00eddicas de sua lavra. Torne-se vis\u00edvel mostrando a sua opini\u00e3o, o seu entendimento jur\u00eddico doutrin\u00e1rio sobre [&hellip;]<\/p>\n","protected":false},"author":1,"featured_media":0,"parent":0,"menu_order":0,"comment_status":"open","ping_status":"open","template":"template-home.php","meta":{"footnotes":""},"class_list":["post-5","page","type-page","status-publish","hentry"],"_links":{"self":[{"href":"https:\/\/adepepe.org\/site\/wp-json\/wp\/v2\/pages\/5","targetHints":{"allow":["GET"]}}],"collection":[{"href":"https:\/\/adepepe.org\/site\/wp-json\/wp\/v2\/pages"}],"about":[{"href":"https:\/\/adepepe.org\/site\/wp-json\/wp\/v2\/types\/page"}],"author":[{"embeddable":true,"href":"https:\/\/adepepe.org\/site\/wp-json\/wp\/v2\/users\/1"}],"replies":[{"embeddable":true,"href":"https:\/\/adepepe.org\/site\/wp-json\/wp\/v2\/comments?post=5"}],"version-history":[{"count":4,"href":"https:\/\/adepepe.org\/site\/wp-json\/wp\/v2\/pages\/5\/revisions"}],"predecessor-version":[{"id":1420,"href":"https:\/\/adepepe.org\/site\/wp-json\/wp\/v2\/pages\/5\/revisions\/1420"}],"wp:attachment":[{"href":"https:\/\/adepepe.org\/site\/wp-json\/wp\/v2\/media?parent=5"}],"curies":[{"name":"wp","href":"https:\/\/api.w.org\/{rel}","templated":true}]}}